{"id":46,"date":"2020-11-25T21:12:18","date_gmt":"2020-11-25T20:12:18","guid":{"rendered":"http:\/\/www.ritchie-palczewski.batsa.pl\/?page_id=46"},"modified":"2022-01-05T17:52:45","modified_gmt":"2022-01-05T16:52:45","slug":"kontakt","status":"publish","type":"page","link":"https:\/\/ritchiepalczewski.com\/index.php\/pl\/kontakt\/","title":{"rendered":"Kontakt"},"content":{"rendered":"\n<p class=\"has-text-align-center\" style=\"font-size:28px\"><a href=\"mailto:info@ritchiepalczewski.com\" target=\"_blank\" rel=\"noreferrer noopener\">info@ritchiepalczewski.com<\/a><\/p>\n\n\n\n<br> <br>\n\n\n\n<div class=\"wp-block-image\"><figure class=\"aligncenter size-large\"><img loading=\"lazy\" decoding=\"async\" width=\"150\" height=\"16\" src=\"https:\/\/ritchiepalczewski.com\/wp-content\/uploads\/2020\/11\/arrows-1.png\" alt=\"\" class=\"wp-image-153\"\/><\/figure><\/div>\n\n\n\n<br><br>\n\n\n\n<p class=\"has-text-align-center has-normal-font-size\"><em>Strona stworzona przez<a href=\"http:\/\/www.pxhouse.eu\"> <\/a><strong><a href=\"http:\/\/www.pxhouse.eu\" target=\"_blank\" rel=\"noreferrer noopener\">www.pxhouse.pl<\/a><\/strong><\/em><\/p>\n\n\n\n<p class=\"has-text-align-center has-small-font-size has-normal-font-size\"><em>Autor zdj\u0119cia strony g\u0142\u00f3wnej: <strong>Robert Pranagal<\/strong><\/em><\/p>\n\n\n\n<p class=\"has-text-align-center has-small-font-size\"><\/p>\n\n\n\n<\/br>\n\n\n\n<p class=\"has-text-align-center has-medium-font-size\"><em><strong><a href=\"https:\/\/ritchiepalczewski.com\/index.php\/pl\/polityka-prywatnosci-2\/\" data-type=\"URL\" data-id=\"https:\/\/ritchiepalczewski.com\/index.php\/pl\/polityka-prywatnosci-2\/\" target=\"_blank\" rel=\"noreferrer noopener\">Polityka prywatno\u015bci<\/a><\/strong><\/em><\/p>\n","protected":false},"excerpt":{"rendered":"<p>info@ritchiepalczewski.com Strona stworzona przez www.pxhouse.pl Autor zdj\u0119cia strony g\u0142\u00f3wnej: Robert Pranagal Polityka prywatno\u015bci<\/p>\n","protected":false},"author":1,"featured_media":0,"parent":0,"menu_order":0,"comment_status":"closed","ping_status":"closed","template":"","meta":{"footnotes":""},"class_list":["post-46","page","type-page","status-publish","hentry"],"_links":{"self":[{"href":"https:\/\/ritchiepalczewski.com\/index.php\/wp-json\/wp\/v2\/pages\/46","targetHints":{"allow":["GET"]}}],"collection":[{"href":"https:\/\/ritchiepalczewski.com\/index.php\/wp-json\/wp\/v2\/pages"}],"about":[{"href":"https:\/\/ritchiepalczewski.com\/index.php\/wp-json\/wp\/v2\/types\/page"}],"author":[{"embeddable":true,"href":"https:\/\/ritchiepalczewski.com\/index.php\/wp-json\/wp\/v2\/users\/1"}],"replies":[{"embeddable":true,"href":"https:\/\/ritchiepalczewski.com\/index.php\/wp-json\/wp\/v2\/comments?post=46"}],"version-history":[{"count":6,"href":"https:\/\/ritchiepalczewski.com\/index.php\/wp-json\/wp\/v2\/pages\/46\/revisions"}],"predecessor-version":[{"id":953,"href":"https:\/\/ritchiepalczewski.com\/index.php\/wp-json\/wp\/v2\/pages\/46\/revisions\/953"}],"wp:attachment":[{"href":"https:\/\/ritchiepalczewski.com\/index.php\/wp-json\/wp\/v2\/media?parent=46"}],"curies":[{"name":"wp","href":"https:\/\/api.w.org\/{rel}","templated":true}]}}