{"id":667,"date":"2021-05-01T20:04:15","date_gmt":"2021-05-01T18:04:15","guid":{"rendered":"http:\/\/www.ritchie-palczewski.pxhouse.eu\/?page_id=667"},"modified":"2021-10-16T19:43:52","modified_gmt":"2021-10-16T17:43:52","slug":"polityka-prywatnosci-2","status":"publish","type":"page","link":"https:\/\/ritchiepalczewski.com\/index.php\/pl\/polityka-prywatnosci-2\/","title":{"rendered":"Polityka prywatno\u015bci"},"content":{"rendered":"\n<p class=\"has-text-align-center\">Administrator danych&nbsp;osobowych:<\/p>\n\n\n\n<p class=\"has-text-align-center\">RITCHIE PALCZEWSKI.&nbsp;<\/p>\n\n\n\n<p class=\"has-text-align-center\">Stosuje zasady ochrony danych osobowych wynikaj\u0105ce z powszechnie obowi\u0105zuj\u0105cych przepis\u00f3w, w tym RODO. Prosimy o zapoznanie si\u0119 z poni\u017csz\u0105&nbsp;informacj\u0105.<\/p>\n\n\n\n<p class=\"has-text-align-center\"><strong>1. Dla jakich cel\u00f3w strona przetwarza dane osobowe?<\/strong><\/p>\n\n\n\n<p class=\"has-text-align-center\">Przetwarzamy dane osobowe w celu dostarczania informacji osobom, kt\u00f3re zapisa\u0142y si\u0119 na list\u0119 mailingow\u0105.<\/p>\n\n\n\n<p class=\"has-text-align-center\"><strong>2. Jaka jest podstawa prawna przetwarzania danych osobowych?<\/strong><\/p>\n\n\n\n<p class=\"has-text-align-center\">Podstaw\u0105 prawn\u0105 dla przetwarzania danych osobowych w celu prowadzenia newslettera jest zgoda osoby, kt\u00f3ra zapisa\u0142a si\u0119 na list\u0119 mailingow\u0105 (art. 6 ust. 1 lit. a RODO). Podanie danych osobowych jest zupe\u0142nie dobrowolne.<\/p>\n\n\n\n<p class=\"has-text-align-center\"><strong>3. Jakie mam prawa w zwi\u0105zku z przetwarzaniem danych osobowych przez stron\u0119 Ritchie Palczewski?<\/strong><\/p>\n\n\n\n<p class=\"has-text-align-center\">Przys\u0142uguj\u0105 Ci nast\u0119puj\u0105ce prawa w zwi\u0105zku z przetwarzaniem Twoich danych osobowych:<\/p>\n\n\n\n<p class=\"has-text-align-center\">&#8211; prawo dost\u0119pu do swoich danych, w tym do uzyskania kopii danych<\/p>\n\n\n\n<p class=\"has-text-align-center\">&#8211; prawo \u017c\u0105dania sprostowania danych<\/p>\n\n\n\n<p class=\"has-text-align-center\">&#8211; prawo do usuni\u0119cia danych<\/p>\n\n\n\n<p class=\"has-text-align-center\">&#8211; prawo wniesienia skargi do organu nadzorczego zajmuj\u0105cego si\u0119 ochron\u0105 danych osobowych<\/p>\n\n\n\n<p class=\"has-text-align-center\">&#8211; prawo do ograniczenia przetwarzania danych<\/p>\n\n\n\n<p class=\"has-text-align-center\">&#8211; prawo do wycofania zgody w zakresie, w jakim dane s\u0105 przetwarzane na tej podstawie; wycofanie zgody nie ma wp\u0142ywu na zgodno\u015b\u0107 z prawem przetwarzania, kt\u00f3rego dokonano na podstawie zgody przed jej wycofaniem<\/p>\n\n\n\n<p class=\"has-text-align-center\">&#8211; prawo do przenoszenia danych osobowych.<\/p>\n\n\n\n<p class=\"has-text-align-center\"><strong>4. Czy mog\u0119 zrezygnowa\u0107 z newslettera?<\/strong><\/p>\n\n\n\n<p class=\"has-text-align-center\">Tak, w ka\u017cdym momencie masz mo\u017cliwo\u015b\u0107 wycofania si\u0119 z jego dalszego otrzymywania. W tym celu nale\u017cy klikn\u0105\u0107 w link rezygnacji (stopk\u0119 rezygnacji) b\u0119d\u0105cy nieodzownym elementem ka\u017cdej otrzymywanej od nas wiadomo\u015bci. W razie jakichkolwiek problem\u00f3w z rezygnacj\u0105 z otrzymywania newslettera, prosimy o kontakt mailowy pod adresem e-mail: info@ritchiepalczewski.com<\/p>\n\n\n\n<p class=\"has-text-align-center\"><strong>5. Zmiany w polityce prywatno\u015bci.<\/strong><\/p>\n\n\n\n<p class=\"has-text-align-center\">Ritchie Palczewski zastrzega, i\u017c w przysz\u0142o\u015bci mo\u017ce wprowadzi\u0107 zmiany w Polityce Prywatno\u015bci. Wraz z ka\u017cd\u0105 zmian\u0105 nowa wersja Polityki Prywatno\u015bci b\u0119dzie si\u0119 pojawia\u0107 na naszej stronie internetowej. Korzystaj\u0105c z serwisu po tej dacie u\u017cytkownik akceptuje zmiany w nowej wersji Polityki Prywatno\u015bci.<\/p>\n","protected":false},"excerpt":{"rendered":"<p>Administrator danych&nbsp;osobowych: RITCHIE PALCZEWSKI.&nbsp; Stosuje zasady ochrony danych osobowych wynikaj\u0105ce z powszechnie obowi\u0105zuj\u0105cych przepis\u00f3w, w tym RODO. Prosimy o zapoznanie si\u0119 z poni\u017csz\u0105&nbsp;informacj\u0105. 1. Dla jakich cel\u00f3w strona przetwarza dane osobowe? Przetwarzamy dane osobowe w celu dostarczania informacji osobom, kt\u00f3re zapisa\u0142y si\u0119 na list\u0119 mailingow\u0105. 2. Jaka jest podstawa prawna przetwarzania danych osobowych? Podstaw\u0105 prawn\u0105 [&hellip;]<\/p>\n","protected":false},"author":1,"featured_media":0,"parent":0,"menu_order":0,"comment_status":"closed","ping_status":"closed","template":"","meta":{"footnotes":""},"class_list":["post-667","page","type-page","status-publish","hentry"],"_links":{"self":[{"href":"https:\/\/ritchiepalczewski.com\/index.php\/wp-json\/wp\/v2\/pages\/667","targetHints":{"allow":["GET"]}}],"collection":[{"href":"https:\/\/ritchiepalczewski.com\/index.php\/wp-json\/wp\/v2\/pages"}],"about":[{"href":"https:\/\/ritchiepalczewski.com\/index.php\/wp-json\/wp\/v2\/types\/page"}],"author":[{"embeddable":true,"href":"https:\/\/ritchiepalczewski.com\/index.php\/wp-json\/wp\/v2\/users\/1"}],"replies":[{"embeddable":true,"href":"https:\/\/ritchiepalczewski.com\/index.php\/wp-json\/wp\/v2\/comments?post=667"}],"version-history":[{"count":4,"href":"https:\/\/ritchiepalczewski.com\/index.php\/wp-json\/wp\/v2\/pages\/667\/revisions"}],"predecessor-version":[{"id":945,"href":"https:\/\/ritchiepalczewski.com\/index.php\/wp-json\/wp\/v2\/pages\/667\/revisions\/945"}],"wp:attachment":[{"href":"https:\/\/ritchiepalczewski.com\/index.php\/wp-json\/wp\/v2\/media?parent=667"}],"curies":[{"name":"wp","href":"https:\/\/api.w.org\/{rel}","templated":true}]}}