{"id":777,"date":"2021-10-04T19:40:09","date_gmt":"2021-10-04T17:40:09","guid":{"rendered":"https:\/\/ritchiepalczewski.com\/?page_id=777"},"modified":"2022-03-30T09:46:27","modified_gmt":"2022-03-30T07:46:27","slug":"o-mnie-2","status":"publish","type":"page","link":"https:\/\/ritchiepalczewski.com\/index.php\/pl\/o-mnie-2\/","title":{"rendered":"O mnie"},"content":{"rendered":"\n<h2 class=\"wp-block-heading\"> Ritchie Palczewski <\/h2>\n\n\n\n<p>Muzyk, gitarzysta, kompozytor. Nauczyciel filozofii i gitary. Pasjonat kultur antycznych i sport\u00f3w walki. Absolwent wydzia\u0142u filozofii UJ w Krakowie.\u00a0<br>Pierwsze muzyczne kroki stawia\u0142 w rodzinnym Chrzanowie, graj\u0105c z grup\u0105 HusH. W 2005 roku po przeprowadzce do Warszawy za\u0142o\u017cy\u0142 zesp\u00f3\u0142 Delhy Seed. Formacja \u0142\u0105czy\u0142a vintage\u2019owy charakter lat 60-tych z elementami teatru. W latach 2012-2015 gra\u0142 z Ani\u0105 Rusowicz. Obecnie komponuje i nagrywa solowe utwory. Muzyczna tw\u00f3rczo\u015b\u0107 inspirowana jest estetyk\u0105 \u017cywio\u0142\u00f3w, dionizyjsko-apolli\u0144sk\u0105 dw\u00f3jjedni\u0105 wznios\u0142o\u015bci i pi\u0119kna. Szamanizmem, mistycznym wgl\u0105dem w to, co w cz\u0142owieku pierwotne, dzikie i nieokie\u0142znane. D\u017awi\u0119kokszta\u0142ty bizarne to pie\u015bni, rodzaj swobodnej smugi, uzupe\u0142nione nierzadko s\u0142owami i obrazem video. <br>Ekstrawertyczny samotnik, kt\u00f3ry, z dala od miejskiego zgie\u0142ku, wbrew Sokratesowi, udaje si\u0119 do lasu, by uczy\u0107 si\u0119 od drzew. Podr\u00f3\u017c nadal trwa\u2026\u00a0 <\/p>\n","protected":false},"excerpt":{"rendered":"<p>Ritchie Palczewski Muzyk, gitarzysta, kompozytor. Nauczyciel filozofii i gitary. Pasjonat kultur antycznych i sport\u00f3w walki. Absolwent wydzia\u0142u filozofii UJ w Krakowie.\u00a0Pierwsze muzyczne kroki stawia\u0142 w rodzinnym Chrzanowie, graj\u0105c z grup\u0105 HusH. W 2005 roku po przeprowadzce do Warszawy za\u0142o\u017cy\u0142 zesp\u00f3\u0142 Delhy Seed. Formacja \u0142\u0105czy\u0142a vintage\u2019owy charakter lat 60-tych z elementami teatru. W latach 2012-2015 gra\u0142 [&hellip;]<\/p>\n","protected":false},"author":1,"featured_media":0,"parent":0,"menu_order":0,"comment_status":"closed","ping_status":"closed","template":"","meta":{"footnotes":""},"class_list":["post-777","page","type-page","status-publish","hentry"],"_links":{"self":[{"href":"https:\/\/ritchiepalczewski.com\/index.php\/wp-json\/wp\/v2\/pages\/777","targetHints":{"allow":["GET"]}}],"collection":[{"href":"https:\/\/ritchiepalczewski.com\/index.php\/wp-json\/wp\/v2\/pages"}],"about":[{"href":"https:\/\/ritchiepalczewski.com\/index.php\/wp-json\/wp\/v2\/types\/page"}],"author":[{"embeddable":true,"href":"https:\/\/ritchiepalczewski.com\/index.php\/wp-json\/wp\/v2\/users\/1"}],"replies":[{"embeddable":true,"href":"https:\/\/ritchiepalczewski.com\/index.php\/wp-json\/wp\/v2\/comments?post=777"}],"version-history":[{"count":3,"href":"https:\/\/ritchiepalczewski.com\/index.php\/wp-json\/wp\/v2\/pages\/777\/revisions"}],"predecessor-version":[{"id":975,"href":"https:\/\/ritchiepalczewski.com\/index.php\/wp-json\/wp\/v2\/pages\/777\/revisions\/975"}],"wp:attachment":[{"href":"https:\/\/ritchiepalczewski.com\/index.php\/wp-json\/wp\/v2\/media?parent=777"}],"curies":[{"name":"wp","href":"https:\/\/api.w.org\/{rel}","templated":true}]}}