{"id":783,"date":"2021-10-04T21:24:20","date_gmt":"2021-10-04T19:24:20","guid":{"rendered":"https:\/\/ritchiepalczewski.com\/?page_id=783"},"modified":"2022-04-15T22:25:15","modified_gmt":"2022-04-15T20:25:15","slug":"news","status":"publish","type":"page","link":"https:\/\/ritchiepalczewski.com\/index.php\/news\/","title":{"rendered":"News"},"content":{"rendered":"\n<h4 class=\"has-text-align-center wp-block-heading\">Rita &amp; Ritchie &#8211; Live (Warszawa, 09.04.2022)<\/h4>\n\n\n\n<div class=\"wp-block-image\"><figure class=\"aligncenter size-full\"><img loading=\"lazy\" decoding=\"async\" width=\"720\" height=\"480\" src=\"https:\/\/ritchiepalczewski.com\/wp-content\/uploads\/2022\/04\/WCK.jpg\" alt=\"\" class=\"wp-image-976\" srcset=\"https:\/\/ritchiepalczewski.com\/wp-content\/uploads\/2022\/04\/WCK.jpg 720w, https:\/\/ritchiepalczewski.com\/wp-content\/uploads\/2022\/04\/WCK-300x200.jpg 300w\" sizes=\"auto, (max-width: 720px) 100vw, 720px\" \/><\/figure><\/div>\n\n\n\n<div class=\"wp-block-image\"><figure class=\"aligncenter size-full\"><img loading=\"lazy\" decoding=\"async\" width=\"150\" height=\"16\" src=\"https:\/\/ritchiepalczewski.com\/wp-content\/uploads\/2021\/10\/arrows.png\" alt=\"\" class=\"wp-image-879\"\/><\/figure><\/div>\n\n\n\n<p><\/p>\n\n\n\n<\/br>\n\n\n\n<h4 class=\"has-text-align-center wp-block-heading\">2022<\/h4>\n\n\n\n<figure class=\"wp-block-image size-large is-resized\"><img loading=\"lazy\" decoding=\"async\" src=\"https:\/\/ritchiepalczewski.com\/wp-content\/uploads\/2022\/03\/RitaRitch-Lyst-www-1024x740.jpg\" alt=\"\" class=\"wp-image-968\" width=\"840\" height=\"607\" srcset=\"https:\/\/ritchiepalczewski.com\/wp-content\/uploads\/2022\/03\/RitaRitch-Lyst-www-1024x740.jpg 1024w, https:\/\/ritchiepalczewski.com\/wp-content\/uploads\/2022\/03\/RitaRitch-Lyst-www-300x217.jpg 300w, https:\/\/ritchiepalczewski.com\/wp-content\/uploads\/2022\/03\/RitaRitch-Lyst-www-768x555.jpg 768w, https:\/\/ritchiepalczewski.com\/wp-content\/uploads\/2022\/03\/RitaRitch-Lyst-www-1536x1110.jpg 1536w, https:\/\/ritchiepalczewski.com\/wp-content\/uploads\/2022\/03\/RitaRitch-Lyst-www.jpg 1738w\" sizes=\"auto, (max-width: 840px) 100vw, 840px\" \/><\/figure>\n\n\n\n<figure class=\"wp-block-image size-full\"><img loading=\"lazy\" decoding=\"async\" width=\"150\" height=\"16\" src=\"https:\/\/ritchiepalczewski.com\/wp-content\/uploads\/2021\/10\/arrows.png\" alt=\"\" class=\"wp-image-879\"\/><\/figure>\n\n\n\n<br>\n\n\n\n<h4 class=\"has-text-align-center wp-block-heading\">New episodes&#8230;<\/h4>\n\n\n\n<p><\/p>\n\n\n\n<div class=\"wp-block-image\"><figure class=\"aligncenter size-large is-resized\"><img loading=\"lazy\" decoding=\"async\" src=\"https:\/\/ritchiepalczewski.com\/wp-content\/uploads\/2022\/01\/Anett-video-avatar-745k-1024x1024.jpg\" alt=\"\" class=\"wp-image-963\" width=\"471\" height=\"471\" srcset=\"https:\/\/ritchiepalczewski.com\/wp-content\/uploads\/2022\/01\/Anett-video-avatar-745k-1024x1024.jpg 1024w, https:\/\/ritchiepalczewski.com\/wp-content\/uploads\/2022\/01\/Anett-video-avatar-745k-300x300.jpg 300w, https:\/\/ritchiepalczewski.com\/wp-content\/uploads\/2022\/01\/Anett-video-avatar-745k-150x150.jpg 150w, https:\/\/ritchiepalczewski.com\/wp-content\/uploads\/2022\/01\/Anett-video-avatar-745k-768x768.jpg 768w, https:\/\/ritchiepalczewski.com\/wp-content\/uploads\/2022\/01\/Anett-video-avatar-745k-1536x1536.jpg 1536w, https:\/\/ritchiepalczewski.com\/wp-content\/uploads\/2022\/01\/Anett-video-avatar-745k-2048x2048.jpg 2048w\" sizes=\"auto, (max-width: 471px) 100vw, 471px\" \/><\/figure><\/div>\n\n\n\n<div class=\"wp-block-image\"><figure class=\"aligncenter size-large\"><img loading=\"lazy\" decoding=\"async\" width=\"150\" height=\"16\" src=\"https:\/\/ritchiepalczewski.com\/wp-content\/uploads\/2020\/11\/arrows-1.png\" alt=\"\" class=\"wp-image-153\"\/><\/figure><\/div>\n\n\n\n<\/br>\n\n\n\n<h4 class=\"has-text-align-center wp-block-heading\">2016<\/h4>\n\n\n\n<h4 class=\"has-text-align-center wp-block-heading\">Ritchie Palczewski &#8211; wywiad dla radia PRAGA<\/h4>\n\n\n\n<figure class=\"wp-block-embed\"><div class=\"wp-block-embed__wrapper\" style=\"max-width: 600px; text-align: center; margin: 0 auto;\">\n<iframe loading=\"lazy\" title=\"Muzyczne Noce w Radiu Praga - audycja \u0141ukasza Jakubowicza. Go\u015b\u0107 : Ritchie Palczewski\" width=\"500\" height=\"281\" src=\"https:\/\/www.youtube.com\/embed\/k8Vc5DZrvD4?feature=oembed\" frameborder=\"0\" allow=\"accelerometer; autoplay; clipboard-write; encrypted-media; gyroscope; picture-in-picture; web-share\" referrerpolicy=\"strict-origin-when-cross-origin\" allowfullscreen><\/iframe>\n<\/div><\/figure>\n\n\n\n<div class=\"wp-block-image\"><figure class=\"aligncenter size-large\"><img loading=\"lazy\" decoding=\"async\" width=\"150\" height=\"16\" src=\"https:\/\/ritchiepalczewski.com\/wp-content\/uploads\/2020\/11\/arrows-1.png\" alt=\"\" class=\"wp-image-153\"\/><\/figure><\/div>\n\n\n\n<\/br>\n\n\n\n<h4 class=\"has-text-align-center wp-block-heading\">2015<\/h4>\n\n\n\n<h4 class=\"has-text-align-center wp-block-heading\">Ritchie Palczewski &#8211; wywiad dla TOP GUITAR<\/h4>\n\n\n\n<div class=\"wp-block-image\"><figure class=\"aligncenter size-large is-resized\"><img loading=\"lazy\" decoding=\"async\" src=\"https:\/\/ritchiepalczewski.com\/wp-content\/uploads\/2020\/11\/topguitar-1.png\" alt=\"\" class=\"wp-image-173\" width=\"437\" height=\"296\" srcset=\"https:\/\/ritchiepalczewski.com\/wp-content\/uploads\/2020\/11\/topguitar-1.png 857w, https:\/\/ritchiepalczewski.com\/wp-content\/uploads\/2020\/11\/topguitar-1-300x203.png 300w, https:\/\/ritchiepalczewski.com\/wp-content\/uploads\/2020\/11\/topguitar-1-768x521.png 768w\" sizes=\"auto, (max-width: 437px) 100vw, 437px\" \/><figcaption><strong>Ritchie Palczewski<\/strong>&nbsp;to rockman z krwi i ko\u015bci. Wywodzi si\u0119 jeszcze z ostatniego pokolenia, kt\u00f3re uczy\u0142o si\u0119 gra\u0107 bez Internetu. Jego gra jest stylowa i czu\u0107 w niej wszystko to, czym zd\u0105\u017cy\u0142 nasi\u0105kn\u0105\u0107 za m\u0142odu \u2013 wspania\u0142e czasy brytyjskiej inwazji rocka. Niesamowity przypadek zrz\u0105dzi\u0142, \u017ce znalaz\u0142 si\u0119 w zespole Ani Rusowicz i teraz, z perspektywy dw\u00f3ch album\u00f3w wida\u0107, \u017ce chyba nikt lepiej by do tego sk\u0142adu nie pasowa\u0142. Na kr\u00f3tk\u0105 rozmow\u0119 w trakcie trasy promuj\u0105cej \u201eGenesis\u201d nam\u00f3wi\u0142 go Maciek Warda. <a href=\"https:\/\/topguitar.pl\/artysci\/artysci-wywiady\/ritchie-palczewski\/\" target=\"_blank\" rel=\"noreferrer noopener\">Czytaj wi\u0119cej&#8230;<\/a><\/figcaption><\/figure><\/div>\n\n\n\n<div class=\"wp-block-image\"><figure class=\"aligncenter size-large is-resized\"><img loading=\"lazy\" decoding=\"async\" src=\"https:\/\/ritchiepalczewski.com\/wp-content\/uploads\/2021\/10\/Wywiad-kopia-1024x802.jpg\" alt=\"\" class=\"wp-image-864\" width=\"517\" height=\"404\" srcset=\"https:\/\/ritchiepalczewski.com\/wp-content\/uploads\/2021\/10\/Wywiad-kopia-1024x802.jpg 1024w, https:\/\/ritchiepalczewski.com\/wp-content\/uploads\/2021\/10\/Wywiad-kopia-300x235.jpg 300w, https:\/\/ritchiepalczewski.com\/wp-content\/uploads\/2021\/10\/Wywiad-kopia-768x601.jpg 768w, https:\/\/ritchiepalczewski.com\/wp-content\/uploads\/2021\/10\/Wywiad-kopia.jpg 1280w\" sizes=\"auto, (max-width: 517px) 100vw, 517px\" \/><\/figure><\/div>\n\n\n\n<div class=\"wp-block-image\"><figure class=\"aligncenter size-large\"><img loading=\"lazy\" decoding=\"async\" width=\"150\" height=\"16\" src=\"https:\/\/ritchiepalczewski.com\/wp-content\/uploads\/2020\/11\/arrows-1.png\" alt=\"\" class=\"wp-image-153\"\/><\/figure><\/div>\n\n\n\n<p><br><\/p>\n\n\n\n<h4 class=\"has-text-align-center wp-block-heading\">2012<\/h4>\n\n\n\n<h4 class=\"has-text-align-center wp-block-heading\">Ritchie Palczewski &#8211; wywiad dla magazynu GITARZYSTA<\/h4>\n\n\n\n<div class=\"wp-block-image\"><figure class=\"aligncenter size-large is-resized\"><a href=\"https:\/\/magazyngitarzysta.pl\/muzyka\/wywiady\/9795-ritchie-palczewski-delhy-seed\" target=\"_blank\" rel=\"noopener noreferrer\"><img loading=\"lazy\" decoding=\"async\" src=\"https:\/\/ritchiepalczewski.com\/wp-content\/uploads\/2020\/11\/obraz_2020-11-30_130817.png\" alt=\"\" class=\"wp-image-178\" width=\"429\" height=\"379\" srcset=\"https:\/\/ritchiepalczewski.com\/wp-content\/uploads\/2020\/11\/obraz_2020-11-30_130817.png 848w, https:\/\/ritchiepalczewski.com\/wp-content\/uploads\/2020\/11\/obraz_2020-11-30_130817-300x266.png 300w, https:\/\/ritchiepalczewski.com\/wp-content\/uploads\/2020\/11\/obraz_2020-11-30_130817-768x680.png 768w\" sizes=\"auto, (max-width: 429px) 100vw, 429px\" \/><\/a><figcaption>Delhy Seed to zesp\u00f3\u0142, kt\u00f3ry nie tylko wygl\u0105da jak z epoki dzieci kwiat\u00f3w i psychodelii, ale przede wszystkim gra niezwykle oryginalnie, odr\u00f3\u017cniaj\u0105c si\u0119 wyra\u017anie od wi\u0119kszo\u015bci wsp\u00f3\u0142czesnych kapel.<br><br>O znajdowaniu inspiracji w korzeniach rocka, muzyce etnicznej oraz w filozofii opowiada gitarzysta&nbsp;<strong>Ritchie Palczewski<\/strong>. <a rel=\"noreferrer noopener\" href=\"https:\/\/magazyngitarzysta.pl\/muzyka\/wywiady\/9795-ritchie-palczewski-delhy-seed\" target=\"_blank\">Czytaj wi\u0119cej&#8230;<\/a><\/figcaption><\/figure><\/div>\n\n\n\n<p> <\/p>\n","protected":false},"excerpt":{"rendered":"<p>Rita &amp; Ritchie &#8211; Live (Warszawa, 09.04.2022) 2022 New episodes&#8230; 2016 Ritchie Palczewski &#8211; wywiad dla radia PRAGA 2015 Ritchie Palczewski &#8211; wywiad dla TOP GUITAR 2012 Ritchie Palczewski &#8211; wywiad dla magazynu GITARZYSTA<\/p>\n","protected":false},"author":1,"featured_media":0,"parent":0,"menu_order":0,"comment_status":"closed","ping_status":"closed","template":"","meta":{"footnotes":""},"class_list":["post-783","page","type-page","status-publish","hentry"],"_links":{"self":[{"href":"https:\/\/ritchiepalczewski.com\/index.php\/wp-json\/wp\/v2\/pages\/783","targetHints":{"allow":["GET"]}}],"collection":[{"href":"https:\/\/ritchiepalczewski.com\/index.php\/wp-json\/wp\/v2\/pages"}],"about":[{"href":"https:\/\/ritchiepalczewski.com\/index.php\/wp-json\/wp\/v2\/types\/page"}],"author":[{"embeddable":true,"href":"https:\/\/ritchiepalczewski.com\/index.php\/wp-json\/wp\/v2\/users\/1"}],"replies":[{"embeddable":true,"href":"https:\/\/ritchiepalczewski.com\/index.php\/wp-json\/wp\/v2\/comments?post=783"}],"version-history":[{"count":33,"href":"https:\/\/ritchiepalczewski.com\/index.php\/wp-json\/wp\/v2\/pages\/783\/revisions"}],"predecessor-version":[{"id":981,"href":"https:\/\/ritchiepalczewski.com\/index.php\/wp-json\/wp\/v2\/pages\/783\/revisions\/981"}],"wp:attachment":[{"href":"https:\/\/ritchiepalczewski.com\/index.php\/wp-json\/wp\/v2\/media?parent=783"}],"curies":[{"name":"wp","href":"https:\/\/api.w.org\/{rel}","templated":true}]}}